{"id":96,"date":"2021-09-13T10:00:07","date_gmt":"2021-09-13T10:00:07","guid":{"rendered":"http:\/\/www.guarantee.pl\/?page_id=96"},"modified":"2021-11-04T17:30:40","modified_gmt":"2021-11-04T17:30:40","slug":"contact","status":"publish","type":"page","link":"http:\/\/www.guarantee.pl\/pl\/contact\/","title":{"rendered":"Kontakty"},"content":{"rendered":"<div data-elementor-type=\"wp-page\" data-elementor-id=\"96\" class=\"elementor elementor-96\" data-elementor-settings=\"[]\">\n\t\t\t\t\t\t\t<div class=\"elementor-section-wrap\">\n\t\t\t\t\t\t\t<section class=\"elementor-section elementor-top-section elementor-element elementor-element-1bb61cb elementor-section-boxed elementor-section-height-default elementor-section-height-default\" data-id=\"1bb61cb\" data-element_type=\"section\">\n\t\t\t\t\t\t<div class=\"elementor-container elementor-column-gap-no\">\n\t\t\t\t\t<div class=\"elementor-column elementor-col-100 elementor-top-column elementor-element elementor-element-29eafcb\" data-id=\"29eafcb\" data-element_type=\"column\">\n\t\t\t<div class=\"elementor-widget-wrap elementor-element-populated\">\n\t\t\t\t\t\t\t\t<div class=\"elementor-element elementor-element-b34f54a elementor-widget-divider--view-line elementor-widget elementor-widget-divider\" data-id=\"b34f54a\" data-element_type=\"widget\" data-widget_type=\"divider.default\">\n\t\t\t\t<div class=\"elementor-widget-container\">\n\t\t\t\t\t<div class=\"elementor-divider\">\n\t\t\t<span class=\"elementor-divider-separator\">\n\t\t\t\t\t\t<\/span>\n\t\t<\/div>\n\t\t\t\t<\/div>\n\t\t\t\t<\/div>\n\t\t\t\t\t<\/div>\n\t\t<\/div>\n\t\t\t\t\t\t\t<\/div>\n\t\t<\/section>\n\t\t\t\t<section class=\"elementor-section elementor-top-section elementor-element elementor-element-2a97cef elementor-section-boxed elementor-section-height-default elementor-section-height-default\" data-id=\"2a97cef\" data-element_type=\"section\">\n\t\t\t\t\t\t<div class=\"elementor-container elementor-column-gap-no\">\n\t\t\t\t\t<div class=\"elementor-column elementor-col-50 elementor-top-column elementor-element elementor-element-a729c7b\" data-id=\"a729c7b\" data-element_type=\"column\">\n\t\t\t<div class=\"elementor-widget-wrap elementor-element-populated\">\n\t\t\t\t\t\t\t\t<div class=\"elementor-element elementor-element-afc908c elementor-widget elementor-widget-heading\" data-id=\"afc908c\" data-element_type=\"widget\" data-widget_type=\"heading.default\">\n\t\t\t\t<div class=\"elementor-widget-container\">\n\t\t\t<h2 class=\"elementor-heading-title elementor-size-default\">Czy masz jakie\u015b pytania?<br>Napisz do Nas!<\/h2>\t\t<\/div>\n\t\t\t\t<\/div>\n\t\t\t\t<div class=\"elementor-element elementor-element-451e1c1 elementor-widget elementor-widget-heading\" data-id=\"451e1c1\" data-element_type=\"widget\" data-widget_type=\"heading.default\">\n\t\t\t\t<div class=\"elementor-widget-container\">\n\t\t\t<p class=\"elementor-heading-title elementor-size-default\">Je\u015bli masz jakie\u015b pytania lub jeste\u015b zainteresowany w zawarciu umowy ubezpieczenia w naszym biurze, prosimy o kontakt z nami przez telefon lub e-mail. Odpowiemy na ka\u017cd\u0105 wiadomo\u015b\u0107 w ci\u0105gu 24 godzin roboczych.<\/p>\t\t<\/div>\n\t\t\t\t<\/div>\n\t\t\t\t<div class=\"elementor-element elementor-element-094908e elementor-button-align-start elementor-widget elementor-widget-form\" data-id=\"094908e\" data-element_type=\"widget\" data-settings=\"{&quot;button_width&quot;:&quot;50&quot;,&quot;step_next_label&quot;:&quot;Next&quot;,&quot;step_previous_label&quot;:&quot;Previous&quot;,&quot;step_type&quot;:&quot;number_text&quot;,&quot;step_icon_shape&quot;:&quot;circle&quot;}\" data-widget_type=\"form.default\">\n\t\t\t\t<div class=\"elementor-widget-container\">\n\t\t\t\t\t<form class=\"elementor-form\" method=\"post\" name=\"New Form\" action=\"\">\n\t\t\t<input type=\"hidden\" name=\"post_id\" value=\"96\"\/>\n\t\t\t<input type=\"hidden\" name=\"form_id\" value=\"094908e\"\/>\n\t\t\t<input type=\"hidden\" name=\"referer_title\" value=\"Guarantee Insurance\" \/>\n\n\t\t\t\n\t\t\t<div class=\"elementor-form-fields-wrapper elementor-labels-\">\n\t\t\t\t\t\t\t\t<div class=\"elementor-field-type-text elementor-field-group elementor-column elementor-field-group-name elementor-col-60 elementor-field-required\">\n\t\t\t\t\t<label for=\"form-field-name\" class=\"elementor-field-label elementor-screen-only\">Nazwa<\/label><input size=\"1\" type=\"text\" name=\"form_fields[name]\" id=\"form-field-name\" class=\"elementor-field elementor-size-md  elementor-field-textual\" placeholder=\"Imi\u0119 i nazwisko\" required=\"required\" aria-required=\"true\">\t\t\t\t<\/div>\n\t\t\t\t\t\t\t\t<div class=\"elementor-field-type-email elementor-field-group elementor-column elementor-field-group-email elementor-col-50 elementor-field-required\">\n\t\t\t\t\t<label for=\"form-field-email\" class=\"elementor-field-label elementor-screen-only\">E-mail<\/label><input size=\"1\" type=\"email\" name=\"form_fields[email]\" id=\"form-field-email\" class=\"elementor-field elementor-size-md  elementor-field-textual\" placeholder=\"E-mail*\" required=\"required\" aria-required=\"true\">\t\t\t\t<\/div>\n\t\t\t\t\t\t\t\t<div class=\"elementor-field-type-tel elementor-field-group elementor-column elementor-field-group-field_82f7519 elementor-col-50 elementor-field-required\">\n\t\t\t\t\t<label for=\"form-field-field_82f7519\" class=\"elementor-field-label elementor-screen-only\">Telefon<\/label><input size=\"1\" type=\"tel\" name=\"form_fields[field_82f7519]\" id=\"form-field-field_82f7519\" class=\"elementor-field elementor-size-md  elementor-field-textual\" placeholder=\"Telefon\" required=\"required\" aria-required=\"true\" pattern=\"[0-9()#&amp;+*-=.]+\" title=\"Only numbers and phone characters (#, -, *, etc) are accepted.\">\t\t\t\t<\/div>\n\t\t\t\t\t\t\t\t<div class=\"elementor-field-type-textarea elementor-field-group elementor-column elementor-field-group-message elementor-col-100\">\n\t\t\t\t\t<label for=\"form-field-message\" class=\"elementor-field-label elementor-screen-only\">Komunikat<\/label><textarea class=\"elementor-field-textual elementor-field  elementor-size-md\" name=\"form_fields[message]\" id=\"form-field-message\" rows=\"4\" placeholder=\"Tre\u015b\u0107 wiadomo\u015bci*\"><\/textarea>\t\t\t\t<\/div>\n\t\t\t\t\t\t\t\t<div class=\"elementor-field-type-html elementor-field-group elementor-column elementor-field-group-field_b9ef135 elementor-col-100\">\n\t\t\t\t\tI declare that by sending a message, at the same time, I consent to the processing of my personal data for the purposes of calculating the insurance offer, obtaining a response to the inquiry and conducting further contact from the Guarantee Insurance, and thus accept the Privacy Policy .\n\t\t\t\t<\/div>\n\t\t\t\t\t\t\t\t<div class=\"elementor-field-group elementor-column elementor-field-type-submit elementor-col-50 e-form__buttons\">\n\t\t\t\t\t<button type=\"submit\" class=\"elementor-button elementor-size-sm\">\n\t\t\t\t\t\t<span >\n\t\t\t\t\t\t\t\t\t\t\t\t\t\t\t<span class=\"elementor-align-icon-right elementor-button-icon\">\n\t\t\t\t\t\t\t\t\t<i aria-hidden=\"true\" class=\"far fa-paper-plane\"><\/i>\t\t\t\t\t\t\t\t\t\t\t\t\t\t\t\t\t<\/span>\n\t\t\t\t\t\t\t\t\t\t\t\t\t\t\t\t\t\t\t\t\t\t<span class=\"elementor-button-text\">Wy\u015blij wiadomo\u015b\u0107<\/span>\n\t\t\t\t\t\t\t\t\t\t\t\t\t<\/span>\n\t\t\t\t\t<\/button>\n\t\t\t\t<\/div>\n\t\t\t<\/div>\n\t\t<input type=\"hidden\" name=\"trp-form-language\" value=\"pl\"\/><\/form>\n\t\t\t\t<\/div>\n\t\t\t\t<\/div>\n\t\t\t\t\t<\/div>\n\t\t<\/div>\n\t\t\t\t<div class=\"elementor-column elementor-col-50 elementor-top-column elementor-element elementor-element-45707ea\" data-id=\"45707ea\" data-element_type=\"column\">\n\t\t\t<div class=\"elementor-widget-wrap elementor-element-populated\">\n\t\t\t\t\t\t\t\t<div class=\"elementor-element elementor-element-cacea7c elementor-widget elementor-widget-google_maps\" data-id=\"cacea7c\" data-element_type=\"widget\" data-widget_type=\"google_maps.default\">\n\t\t\t\t<div class=\"elementor-widget-container\">\n\t\t\t\t\t<div class=\"elementor-custom-embed\">\n\t\t\t<iframe frameborder=\"0\" scrolling=\"no\" marginheight=\"0\" marginwidth=\"0\"\n\t\t\t\t\tsrc=\"https:\/\/maps.google.com\/maps?q=Aleja%20Jana%20Pawla%20II%2061%2F165%2001-031%20Warsaw&#038;t=m&#038;z=10&#038;output=embed&#038;iwloc=near\"\n\t\t\t\t\ttitle=\"Aleja Jana Paw\u0142a II 61\/165 01-031 Warszawa\"\n\t\t\t\t\taria-label=\"Aleja Jana Paw\u0142a II 61\/165 01-031 Warszawa\"\n\t\t\t><\/iframe>\n\t\t<\/div>\n\t\t\t\t<\/div>\n\t\t\t\t<\/div>\n\t\t\t\t\t<\/div>\n\t\t<\/div>\n\t\t\t\t\t\t\t<\/div>\n\t\t<\/section>\n\t\t\t\t<section class=\"elementor-section elementor-top-section elementor-element elementor-element-80bee68 elementor-section-boxed elementor-section-height-default elementor-section-height-default\" data-id=\"80bee68\" data-element_type=\"section\">\n\t\t\t\t\t\t<div class=\"elementor-container elementor-column-gap-default\">\n\t\t\t\t\t<div class=\"elementor-column elementor-col-100 elementor-top-column elementor-element elementor-element-0531f36\" data-id=\"0531f36\" data-element_type=\"column\">\n\t\t\t<div class=\"elementor-widget-wrap elementor-element-populated\">\n\t\t\t\t\t\t\t\t<div class=\"elementor-element elementor-element-acce270 elementor-widget elementor-widget-image\" data-id=\"acce270\" data-element_type=\"widget\" data-widget_type=\"image.default\">\n\t\t\t\t<div class=\"elementor-widget-container\">\n\t\t\t\t\t\t\t\t\t\t\t\t\t\t\t<img width=\"1280\" height=\"720\" src=\"http:\/\/www.guarantee.pl\/wp-content\/uploads\/2021\/10\/photo_2021-10-10_23-12-23.jpg\" class=\"attachment-full size-full\" alt=\"\" loading=\"lazy\" srcset=\"http:\/\/www.guarantee.pl\/wp-content\/uploads\/2021\/10\/photo_2021-10-10_23-12-23.jpg 1280w, http:\/\/www.guarantee.pl\/wp-content\/uploads\/2021\/10\/photo_2021-10-10_23-12-23-300x169.jpg 300w, http:\/\/www.guarantee.pl\/wp-content\/uploads\/2021\/10\/photo_2021-10-10_23-12-23-1024x576.jpg 1024w, http:\/\/www.guarantee.pl\/wp-content\/uploads\/2021\/10\/photo_2021-10-10_23-12-23-768x432.jpg 768w, http:\/\/www.guarantee.pl\/wp-content\/uploads\/2021\/10\/photo_2021-10-10_23-12-23-18x10.jpg 18w\" sizes=\"(max-width: 1280px) 100vw, 1280px\" \/>\t\t\t\t\t\t\t\t\t\t\t\t\t\t\t<\/div>\n\t\t\t\t<\/div>\n\t\t\t\t\t<\/div>\n\t\t<\/div>\n\t\t\t\t\t\t\t<\/div>\n\t\t<\/section>\n\t\t\t\t<section class=\"elementor-section elementor-top-section elementor-element elementor-element-4a31d87 elementor-section-boxed elementor-section-height-default elementor-section-height-default\" data-id=\"4a31d87\" data-element_type=\"section\">\n\t\t\t\t\t\t<div class=\"elementor-container elementor-column-gap-default\">\n\t\t\t\t\t<div class=\"elementor-column elementor-col-100 elementor-top-column elementor-element elementor-element-8cf157e\" data-id=\"8cf157e\" data-element_type=\"column\">\n\t\t\t<div class=\"elementor-widget-wrap elementor-element-populated\">\n\t\t\t\t\t\t\t\t<div class=\"elementor-element elementor-element-455877b elementor-button-align-stretch elementor-widget elementor-widget-form\" data-id=\"455877b\" data-element_type=\"widget\" data-settings=\"{&quot;step_next_label&quot;:&quot;Next&quot;,&quot;step_previous_label&quot;:&quot;Previous&quot;,&quot;button_width&quot;:&quot;100&quot;,&quot;step_type&quot;:&quot;number_text&quot;,&quot;step_icon_shape&quot;:&quot;circle&quot;}\" data-widget_type=\"form.default\">\n\t\t\t\t<div class=\"elementor-widget-container\">\n\t\t\t\t\t<form class=\"elementor-form\" method=\"post\" name=\"New\" action=\"\">\n\t\t\t<input type=\"hidden\" name=\"post_id\" value=\"96\"\/>\n\t\t\t<input type=\"hidden\" name=\"form_id\" value=\"455877b\"\/>\n\t\t\t<input type=\"hidden\" name=\"referer_title\" value=\"Guarantee Insurance\" \/>\n\n\t\t\t\n\t\t\t<div class=\"elementor-form-fields-wrapper elementor-labels-above\">\n\t\t\t\t\t\t\t\t<div class=\"elementor-field-type-email elementor-field-group elementor-column elementor-field-group-email elementor-col-100 elementor-field-required\">\n\t\t\t\t\t<label for=\"form-field-email\" class=\"elementor-field-label\">E-mail<\/label><input size=\"1\" type=\"email\" name=\"form_fields[email]\" id=\"form-field-email\" class=\"elementor-field elementor-size-sm  elementor-field-textual\" placeholder=\"E-mail\" required=\"required\" aria-required=\"true\">\t\t\t\t<\/div>\n\t\t\t\t\t\t\t\t<div class=\"elementor-field-group elementor-column elementor-field-type-submit elementor-col-100 e-form__buttons\">\n\t\t\t\t\t<button type=\"submit\" class=\"elementor-button elementor-size-sm\">\n\t\t\t\t\t\t<span >\n\t\t\t\t\t\t\t\t\t\t\t\t\t\t\t<span class=\"elementor-button-icon\">\n\t\t\t\t\t\t\t\t\t\t\t\t\t\t\t\t\t\t\t\t\t\t\t\t\t\t<\/span>\n\t\t\t\t\t\t\t\t\t\t\t\t\t\t\t\t\t\t\t\t\t\t<span class=\"elementor-button-text\">Send<\/span>\n\t\t\t\t\t\t\t\t\t\t\t\t\t<\/span>\n\t\t\t\t\t<\/button>\n\t\t\t\t<\/div>\n\t\t\t<\/div>\n\t\t<input type=\"hidden\" name=\"trp-form-language\" value=\"pl\"\/><\/form>\n\t\t\t\t<\/div>\n\t\t\t\t<\/div>\n\t\t\t\t\t<\/div>\n\t\t<\/div>\n\t\t\t\t\t\t\t<\/div>\n\t\t<\/section>\n\t\t\t\t\t\t<\/div>\n\t\t\t\t\t<\/div>","protected":false},"excerpt":{"rendered":"<p>Do you have any questions?Write to us! If you have any questions or are interested in concluding an insurance contract in our office, please contact us by phone or e-mail. We will reply to each message within 24 business hours.<\/p>","protected":false},"author":1,"featured_media":0,"parent":0,"menu_order":0,"comment_status":"closed","ping_status":"closed","template":"elementor_header_footer","meta":[],"yoast_head":"<!-- This site is optimized with the Yoast SEO plugin v17.3 - https:\/\/yoast.com\/wordpress\/plugins\/seo\/ -->\n<title>Contact - Guarantee Insurance<\/title>\n<meta name=\"robots\" content=\"index, follow, max-snippet:-1, max-image-preview:large, max-video-preview:-1\" \/>\n<link rel=\"canonical\" href=\"http:\/\/www.guarantee.pl\/pl\/contact\/\" \/>\n<meta property=\"og:locale\" content=\"pl_PL\" \/>\n<meta property=\"og:type\" content=\"article\" \/>\n<meta property=\"og:title\" content=\"Contact - Guarantee Insurance\" \/>\n<meta property=\"og:description\" content=\"Do you have any questions?Write to us! If you have any questions or are interested in concluding an insurance contract in our office, please contact us by phone or e-mail. We will reply to each message within 24 business hours.\" \/>\n<meta property=\"og:url\" content=\"http:\/\/www.guarantee.pl\/pl\/contact\/\" \/>\n<meta property=\"og:site_name\" content=\"Guarantee Insurance\" \/>\n<meta property=\"article:modified_time\" content=\"2021-11-04T17:30:40+00:00\" \/>\n<meta property=\"og:image\" content=\"http:\/\/www.guarantee.pl\/wp-content\/uploads\/2021\/10\/photo_2021-10-10_23-12-23.jpg\" \/>\n<meta name=\"twitter:card\" content=\"summary_large_image\" \/>\n<meta name=\"twitter:label1\" content=\"Szacowany czas czytania\" \/>\n\t<meta name=\"twitter:data1\" content=\"1 minuta\" \/>\n<script type=\"application\/ld+json\" class=\"yoast-schema-graph\">{\"@context\":\"https:\/\/schema.org\",\"@graph\":[{\"@type\":\"WebSite\",\"@id\":\"https:\/\/www.guarantee.pl\/#website\",\"url\":\"https:\/\/www.guarantee.pl\/\",\"name\":\"Guarantee Insurance\",\"description\":\"\",\"potentialAction\":[{\"@type\":\"SearchAction\",\"target\":{\"@type\":\"EntryPoint\",\"urlTemplate\":\"https:\/\/www.guarantee.pl\/?s={search_term_string}\"},\"query-input\":\"required name=search_term_string\"}],\"inLanguage\":\"pl-PL\"},{\"@type\":\"ImageObject\",\"@id\":\"https:\/\/www.guarantee.pl\/contact\/#primaryimage\",\"inLanguage\":\"pl-PL\",\"url\":\"http:\/\/www.guarantee.pl\/wp-content\/uploads\/2021\/10\/photo_2021-10-10_23-12-23.jpg\",\"contentUrl\":\"http:\/\/www.guarantee.pl\/wp-content\/uploads\/2021\/10\/photo_2021-10-10_23-12-23.jpg\",\"width\":1280,\"height\":720},{\"@type\":\"WebPage\",\"@id\":\"https:\/\/www.guarantee.pl\/contact\/#webpage\",\"url\":\"https:\/\/www.guarantee.pl\/contact\/\",\"name\":\"Contact - Guarantee Insurance\",\"isPartOf\":{\"@id\":\"https:\/\/www.guarantee.pl\/#website\"},\"primaryImageOfPage\":{\"@id\":\"https:\/\/www.guarantee.pl\/contact\/#primaryimage\"},\"datePublished\":\"2021-09-13T10:00:07+00:00\",\"dateModified\":\"2021-11-04T17:30:40+00:00\",\"breadcrumb\":{\"@id\":\"https:\/\/www.guarantee.pl\/contact\/#breadcrumb\"},\"inLanguage\":\"pl-PL\",\"potentialAction\":[{\"@type\":\"ReadAction\",\"target\":[\"https:\/\/www.guarantee.pl\/contact\/\"]}]},{\"@type\":\"BreadcrumbList\",\"@id\":\"https:\/\/www.guarantee.pl\/contact\/#breadcrumb\",\"itemListElement\":[{\"@type\":\"ListItem\",\"position\":1,\"name\":\"Strona g\\u0142\\u00f3wna\",\"item\":\"https:\/\/www.guarantee.pl\/\"},{\"@type\":\"ListItem\",\"position\":2,\"name\":\"Contact\"}]}]}<\/script>\n<!-- \/ Yoast SEO plugin. -->","yoast_head_json":{"title":"Contact - Guarantee Insurance","robots":{"index":"index","follow":"follow","max-snippet":"max-snippet:-1","max-image-preview":"max-image-preview:large","max-video-preview":"max-video-preview:-1"},"canonical":"http:\/\/www.guarantee.pl\/pl\/contact\/","og_locale":"pl_PL","og_type":"article","og_title":"Contact - Guarantee Insurance","og_description":"Do you have any questions?Write to us! If you have any questions or are interested in concluding an insurance contract in our office, please contact us by phone or e-mail. We will reply to each message within 24 business hours.","og_url":"http:\/\/www.guarantee.pl\/pl\/contact\/","og_site_name":"Guarantee Insurance","article_modified_time":"2021-11-04T17:30:40+00:00","og_image":[{"url":"http:\/\/www.guarantee.pl\/wp-content\/uploads\/2021\/10\/photo_2021-10-10_23-12-23.jpg"}],"twitter_card":"summary_large_image","twitter_misc":{"Szacowany czas czytania":"1 minuta"},"schema":{"@context":"https:\/\/schema.org","@graph":[{"@type":"WebSite","@id":"https:\/\/www.guarantee.pl\/#website","url":"https:\/\/www.guarantee.pl\/","name":"Guarantee Insurance","description":"","potentialAction":[{"@type":"SearchAction","target":{"@type":"EntryPoint","urlTemplate":"https:\/\/www.guarantee.pl\/?s={search_term_string}"},"query-input":"required name=search_term_string"}],"inLanguage":"pl-PL"},{"@type":"ImageObject","@id":"https:\/\/www.guarantee.pl\/contact\/#primaryimage","inLanguage":"pl-PL","url":"http:\/\/www.guarantee.pl\/wp-content\/uploads\/2021\/10\/photo_2021-10-10_23-12-23.jpg","contentUrl":"http:\/\/www.guarantee.pl\/wp-content\/uploads\/2021\/10\/photo_2021-10-10_23-12-23.jpg","width":1280,"height":720},{"@type":"WebPage","@id":"https:\/\/www.guarantee.pl\/contact\/#webpage","url":"https:\/\/www.guarantee.pl\/contact\/","name":"Contact - Guarantee Insurance","isPartOf":{"@id":"https:\/\/www.guarantee.pl\/#website"},"primaryImageOfPage":{"@id":"https:\/\/www.guarantee.pl\/contact\/#primaryimage"},"datePublished":"2021-09-13T10:00:07+00:00","dateModified":"2021-11-04T17:30:40+00:00","breadcrumb":{"@id":"https:\/\/www.guarantee.pl\/contact\/#breadcrumb"},"inLanguage":"pl-PL","potentialAction":[{"@type":"ReadAction","target":["https:\/\/www.guarantee.pl\/contact\/"]}]},{"@type":"BreadcrumbList","@id":"https:\/\/www.guarantee.pl\/contact\/#breadcrumb","itemListElement":[{"@type":"ListItem","position":1,"name":"Strona g\u0142\u00f3wna","item":"https:\/\/www.guarantee.pl\/"},{"@type":"ListItem","position":2,"name":"Contact"}]}]}},"_links":{"self":[{"href":"http:\/\/www.guarantee.pl\/pl\/wp-json\/wp\/v2\/pages\/96"}],"collection":[{"href":"http:\/\/www.guarantee.pl\/pl\/wp-json\/wp\/v2\/pages"}],"about":[{"href":"http:\/\/www.guarantee.pl\/pl\/wp-json\/wp\/v2\/types\/page"}],"author":[{"embeddable":true,"href":"http:\/\/www.guarantee.pl\/pl\/wp-json\/wp\/v2\/users\/1"}],"replies":[{"embeddable":true,"href":"http:\/\/www.guarantee.pl\/pl\/wp-json\/wp\/v2\/comments?post=96"}],"version-history":[{"count":101,"href":"http:\/\/www.guarantee.pl\/pl\/wp-json\/wp\/v2\/pages\/96\/revisions"}],"predecessor-version":[{"id":3137,"href":"http:\/\/www.guarantee.pl\/pl\/wp-json\/wp\/v2\/pages\/96\/revisions\/3137"}],"wp:attachment":[{"href":"http:\/\/www.guarantee.pl\/pl\/wp-json\/wp\/v2\/media?parent=96"}],"curies":[{"name":"wp","href":"https:\/\/api.w.org\/{rel}","templated":true}]}}